{"id":2810,"date":"2020-09-22T10:33:20","date_gmt":"2020-09-22T08:33:20","guid":{"rendered":"https:\/\/atelierfesseler.de\/?page_id=2810"},"modified":"2022-03-24T16:09:05","modified_gmt":"2022-03-24T15:09:05","slug":"the-atelier","status":"publish","type":"page","link":"https:\/\/atelierfesseler.de\/en\/the-atelier\/","title":{"rendered":"The Atelier"},"content":{"rendered":"<style>.kb-gallery-id-_776f96-a9 .kadence-blocks-gallery-item .kb-gal-image-radius, .kb-gallery-id-_776f96-a9 .kb-slide-item .kb-gal-image-radius img{border-radius:0px 0px 0px 0px;;}.kb-gallery-wrap-id-_776f96-a9.wp-block-kadence-advancedgallery{overflow:visible;}.kb-gallery-wrap-id-_776f96-a9.wp-block-kadence-advancedgallery .kt-blocks-carousel{overflow:visible;}<\/style><div class=\"kb-gallery-wrap-id-_776f96-a9 alignnone alignfull wp-block-kadence-advancedgallery\"><div class=\"kb-gallery-ul kb-gallery-non-static kb-gallery-type-slider kb-gallery-id-_776f96-a9 kb-gallery-caption-style-bottom-hover kb-gallery-filter-none\" data-image-filter=\"none\" data-lightbox-caption=\"true\"><div class=\"kt-blocks-carousel splide kt-carousel-container-dotstyle-none kt-carousel-arrowstyle-none kt-carousel-dotstyle-none kb-slider-group-arrow kb-slider-arrow-position-center\" data-slider-anim-speed=\"400\" data-slider-scroll=\"1\" data-slider-arrows=\"false\" data-slider-fade=\"true\" data-slider-dots=\"false\" data-slider-type=\"slider\" data-slider-hover-pause=\"false\" data-slider-auto=\"\" data-slider-speed=\"7000\" data-show-pause-button=\"false\"><div class=\"splide__track\"><ul class=\"kt-blocks-carousel-init kb-blocks-slider splide__list\"><li class=\"kb-slide-item kb-gallery-slide-item splide__slide\"><div class=\"kadence-blocks-gallery-item\"><div class=\"kadence-blocks-gallery-item-inner\"><figure class=\"kb-gallery-figure kadence-blocks-gallery-item-hide-caption\"><div class=\"kb-gal-image-radius\"><div class=\"kb-gallery-image-contain kadence-blocks-gallery-intrinsic kb-gallery-image-ratio-land21 kb-has-image-ratio-land21\" ><img loading=\"lazy\" decoding=\"async\" src=\"https:\/\/atelierfesseler.de\/wp-content\/uploads\/\/ff_header-1024x541.png\" width=\"1024\" height=\"541\" alt=\"\" data-full-image=\"https:\/\/atelierfesseler.de\/wp-content\/uploads\/ff_header.png\" data-light-image=\"https:\/\/atelierfesseler.de\/wp-content\/uploads\/ff_header.png\" data-id=\"445\" class=\"wp-image-445 skip-lazy\" srcset=\"https:\/\/atelierfesseler.de\/wp-content\/uploads\/ff_header-1024x541.png 1024w, https:\/\/atelierfesseler.de\/wp-content\/uploads\/ff_header-900x476.png 900w, https:\/\/atelierfesseler.de\/wp-content\/uploads\/ff_header-300x159.png 300w, https:\/\/atelierfesseler.de\/wp-content\/uploads\/ff_header-768x406.png 768w, https:\/\/atelierfesseler.de\/wp-content\/uploads\/ff_header-1600x846.png 1600w, https:\/\/atelierfesseler.de\/wp-content\/uploads\/ff_header-1536x812.png 1536w, https:\/\/atelierfesseler.de\/wp-content\/uploads\/ff_header-600x317.png 600w, https:\/\/atelierfesseler.de\/wp-content\/uploads\/ff_header.png 1920w\" sizes=\"auto, (max-width: 1024px) 100vw, 1024px\" \/><\/div><\/div><\/figure><\/div><\/div><\/li><\/ul><\/div><\/div><\/div><\/div>\n\n\n<div class=\"wp-block-columns is-layout-flex wp-container-core-columns-is-layout-9d6595d7 wp-block-columns-is-layout-flex\">\n<div class=\"wp-block-column is-layout-flow wp-block-column-is-layout-flow\" style=\"flex-basis:33.33%\">\n<h2 class=\"has-text-align-center wp-block-heading\" id=\"h-jean-frederic-fesseler\">JEAN-FR\u00c9D\u00c9RIC FESSELER<\/h2>\n\n\n\n<p class=\"has-text-align-center\">Inspired by the aesthetics and diversity of wood as a raw material, Jean-Fr\u00e9d\u00e9ric Fesseler lends a voice to traditional craftsmanship in the form of contemporary design objects.<\/p>\n\n\n\n<p class=\"has-text-align-center\">Born in Berlin with French roots, he learned the essential techniques of woodworking from his father, a furniture restorer with whom he still shares premises today. After his international education at the Belgian Institut Saint-Luc de Tournai and his studies at the Escuela Superior de Disseny i Art \u201cLlotja\u201d in Barcelona, he specialised in creating unique pieces with the highest quality standards.<\/p>\n\n\n\n<p class=\"has-text-align-center\">Jean-Frederic combines the craftsmanship of artistic carpentry with stylistically clear product design, making wood a tangible form not only through precise surface finishing.<\/p>\n\n\n\n<p class=\"has-text-align-center\">The central focus of his work is the designing of furniture and objects with movable elements as well as the manufacturing of writing instruments hand-turned from various precious woods.<\/p>\n\n\n\n<p class=\"has-text-align-center\">Through his creative activity and his passion for high-quality wood, Jean-Fr\u00e9d\u00e9ric wants to offer traditional craftsmanship new forms of artistic expression. In doing so, it is already important to him during the creative process to make the high-quality resources tangible and to give wood a soul.<\/p>\n\n\n\n<p class=\"has-text-align-center\">Nominated for the Interior Innovation Award 2014, he has participated in numerous international exhibitions, including Beijing Design Week, ICFF New York 2018 and the Salone Satellite in Milan 2019. His work has also been exhibited at the Mint Gallery in London 2019.<\/p>\n<\/div>\n\n\n\n<div class=\"wp-block-column is-layout-flow wp-block-column-is-layout-flow\" style=\"flex-basis:66.66%\"><style>.kb-gallery-id-_75158e-70 .kadence-blocks-gallery-item .kb-gal-image-radius, .kb-gallery-id-_75158e-70 .kb-slide-item .kb-gal-image-radius img{border-radius:0px 0px 0px 0px;;}.kb-gallery-wrap-id-_75158e-70.wp-block-kadence-advancedgallery{overflow:visible;}.kb-gallery-wrap-id-_75158e-70.wp-block-kadence-advancedgallery .kt-blocks-carousel{overflow:visible;}<\/style><div class=\"kb-gallery-wrap-id-_75158e-70 alignnone wp-block-kadence-advancedgallery\"><div class=\"kb-gallery-ul kb-gallery-non-static kb-gallery-type-slider kb-gallery-id-_75158e-70 kb-gallery-caption-style-bottom-hover kb-gallery-filter-none kb-gallery-magnific-init\" data-image-filter=\"none\" data-lightbox-caption=\"true\"><div class=\"kt-blocks-carousel splide kt-carousel-container-dotstyle-none kt-carousel-arrowstyle-none kt-carousel-dotstyle-none kb-slider-group-arrow kb-slider-arrow-position-center\" data-slider-anim-speed=\"1000\" data-slider-scroll=\"1\" data-slider-arrows=\"false\" data-slider-fade=\"true\" data-slider-dots=\"false\" data-slider-type=\"slider\" data-slider-hover-pause=\"false\" data-slider-auto=\"1\" data-slider-speed=\"2000\" data-show-pause-button=\"false\"><div class=\"splide__track\"><ul class=\"kt-blocks-carousel-init kb-blocks-slider splide__list\"><li class=\"kb-slide-item kb-gallery-slide-item splide__slide\"><div class=\"kadence-blocks-gallery-item\"><div class=\"kadence-blocks-gallery-item-inner\"><figure class=\"kb-gallery-figure kb-gallery-item-has-link kadence-blocks-gallery-item-hide-caption\"><a href=\"https:\/\/atelierfesseler.de\/wp-content\/uploads\/work-in-progress_1-scaled.jpg\" data-description=\"Frederic Fesseler\nBerlin 2016\" class=\"kb-gallery-item-link\"   role=\"button\" aria-haspopup=\"dialog\"><div class=\"kb-gal-image-radius\"><div class=\"kb-gallery-image-contain kadence-blocks-gallery-intrinsic kb-gallery-image-ratio-land32 kb-has-image-ratio-land32\" ><img loading=\"lazy\" decoding=\"async\" src=\"https:\/\/atelierfesseler.de\/wp-content\/uploads\/\/work-in-progress_1-1024x683.jpg\" width=\"1024\" height=\"683\" alt=\"\" data-full-image=\"https:\/\/atelierfesseler.de\/wp-content\/uploads\/work-in-progress_1-scaled.jpg\" data-light-image=\"https:\/\/atelierfesseler.de\/wp-content\/uploads\/work-in-progress_1-scaled.jpg\" data-id=\"1731\" class=\"wp-image-1731 skip-lazy\" srcset=\"https:\/\/atelierfesseler.de\/wp-content\/uploads\/work-in-progress_1-1024x683.jpg 1024w, https:\/\/atelierfesseler.de\/wp-content\/uploads\/work-in-progress_1-scaled-900x600.jpg 900w, https:\/\/atelierfesseler.de\/wp-content\/uploads\/work-in-progress_1-300x200.jpg 300w, https:\/\/atelierfesseler.de\/wp-content\/uploads\/work-in-progress_1-768x512.jpg 768w, https:\/\/atelierfesseler.de\/wp-content\/uploads\/work-in-progress_1-1600x1067.jpg 1600w, https:\/\/atelierfesseler.de\/wp-content\/uploads\/work-in-progress_1-1536x1024.jpg 1536w, https:\/\/atelierfesseler.de\/wp-content\/uploads\/work-in-progress_1-2048x1365.jpg 2048w, https:\/\/atelierfesseler.de\/wp-content\/uploads\/work-in-progress_1-600x400.jpg 600w\" sizes=\"auto, (max-width: 1024px) 100vw, 1024px\" \/><\/div><\/div><\/a><\/figure><\/div><\/div><\/li><li class=\"kb-slide-item kb-gallery-slide-item splide__slide\"><div class=\"kadence-blocks-gallery-item\"><div class=\"kadence-blocks-gallery-item-inner\"><figure class=\"kb-gallery-figure kb-gallery-item-has-link kadence-blocks-gallery-item-hide-caption\"><a href=\"https:\/\/atelierfesseler.de\/wp-content\/uploads\/6.jpg\" data-description=\"Frederic Fesseler\nBerlin 2016\" class=\"kb-gallery-item-link\"   role=\"button\" aria-haspopup=\"dialog\"><div class=\"kb-gal-image-radius\"><div class=\"kb-gallery-image-contain kadence-blocks-gallery-intrinsic kb-gallery-image-ratio-land32 kb-has-image-ratio-land32\" ><img loading=\"lazy\" decoding=\"async\" width=\"1000\" height=\"667\" src=\"https:\/\/atelierfesseler.de\/wp-content\/uploads\/6.jpg\"   alt=\"\" data-full-image=\"https:\/\/atelierfesseler.de\/wp-content\/uploads\/6.jpg\" data-light-image=\"https:\/\/atelierfesseler.de\/wp-content\/uploads\/6.jpg\" data-id=\"238\" class=\"wp-image-238 skip-lazy\" srcset=\"https:\/\/atelierfesseler.de\/wp-content\/uploads\/6.jpg 1000w, https:\/\/atelierfesseler.de\/wp-content\/uploads\/6-900x600.jpg 900w, https:\/\/atelierfesseler.de\/wp-content\/uploads\/6-300x200.jpg 300w, https:\/\/atelierfesseler.de\/wp-content\/uploads\/6-768x512.jpg 768w, https:\/\/atelierfesseler.de\/wp-content\/uploads\/6-600x400.jpg 600w\" sizes=\"auto, (max-width: 1000px) 100vw, 1000px\" \/><\/div><\/div><\/a><\/figure><\/div><\/div><\/li><li class=\"kb-slide-item kb-gallery-slide-item splide__slide\"><div class=\"kadence-blocks-gallery-item\"><div class=\"kadence-blocks-gallery-item-inner\"><figure class=\"kb-gallery-figure kb-gallery-item-has-link kadence-blocks-gallery-item-hide-caption\"><a href=\"https:\/\/atelierfesseler.de\/wp-content\/uploads\/werkstattbw.jpg\" class=\"kb-gallery-item-link\"   role=\"button\" aria-haspopup=\"dialog\"><div class=\"kb-gal-image-radius\"><div class=\"kb-gallery-image-contain kadence-blocks-gallery-intrinsic kb-gallery-image-ratio-land32 kb-has-image-ratio-land32\" ><img loading=\"lazy\" decoding=\"async\" src=\"https:\/\/atelierfesseler.de\/wp-content\/uploads\/\/werkstattbw-1024x684.jpg\" width=\"1024\" height=\"684\" alt=\"\" data-full-image=\"https:\/\/atelierfesseler.de\/wp-content\/uploads\/werkstattbw.jpg\" data-light-image=\"https:\/\/atelierfesseler.de\/wp-content\/uploads\/werkstattbw.jpg\" data-id=\"606\" class=\"wp-image-606 skip-lazy\" srcset=\"https:\/\/atelierfesseler.de\/wp-content\/uploads\/werkstattbw-1024x684.jpg 1024w, https:\/\/atelierfesseler.de\/wp-content\/uploads\/werkstattbw-900x601.jpg 900w, https:\/\/atelierfesseler.de\/wp-content\/uploads\/werkstattbw-300x200.jpg 300w, https:\/\/atelierfesseler.de\/wp-content\/uploads\/werkstattbw-768x513.jpg 768w, https:\/\/atelierfesseler.de\/wp-content\/uploads\/werkstattbw-600x401.jpg 600w, https:\/\/atelierfesseler.de\/wp-content\/uploads\/werkstattbw.jpg 1200w\" sizes=\"auto, (max-width: 1024px) 100vw, 1024px\" \/><\/div><\/div><\/a><\/figure><\/div><\/div><\/li><li class=\"kb-slide-item kb-gallery-slide-item splide__slide\"><div class=\"kadence-blocks-gallery-item\"><div class=\"kadence-blocks-gallery-item-inner\"><figure class=\"kb-gallery-figure kb-gallery-item-has-link kadence-blocks-gallery-item-hide-caption\"><a href=\"https:\/\/atelierfesseler.de\/wp-content\/uploads\/9.jpg\" class=\"kb-gallery-item-link\"   role=\"button\" aria-haspopup=\"dialog\"><div class=\"kb-gal-image-radius\"><div class=\"kb-gallery-image-contain kadence-blocks-gallery-intrinsic kb-gallery-image-ratio-land32 kb-has-image-ratio-land32\" ><img loading=\"lazy\" decoding=\"async\" src=\"https:\/\/atelierfesseler.de\/wp-content\/uploads\/9-1024x683.jpg\" width=\"1024\" height=\"683\" alt=\"\" data-full-image=\"https:\/\/atelierfesseler.de\/wp-content\/uploads\/9.jpg\" data-light-image=\"https:\/\/atelierfesseler.de\/wp-content\/uploads\/9.jpg\" data-id=\"239\" class=\"wp-image-239 skip-lazy\" srcset=\"https:\/\/atelierfesseler.de\/wp-content\/uploads\/9-1024x683.jpg 1024w, https:\/\/atelierfesseler.de\/wp-content\/uploads\/9-900x600.jpg 900w, https:\/\/atelierfesseler.de\/wp-content\/uploads\/9-300x200.jpg 300w, https:\/\/atelierfesseler.de\/wp-content\/uploads\/9-768x512.jpg 768w, https:\/\/atelierfesseler.de\/wp-content\/uploads\/9-1600x1066.jpg 1600w, https:\/\/atelierfesseler.de\/wp-content\/uploads\/9-1536x1024.jpg 1536w, https:\/\/atelierfesseler.de\/wp-content\/uploads\/9-600x400.jpg 600w, https:\/\/atelierfesseler.de\/wp-content\/uploads\/9.jpg 2048w\" sizes=\"auto, (max-width: 1024px) 100vw, 1024px\" \/><\/div><\/div><\/a><\/figure><\/div><\/div><\/li><li class=\"kb-slide-item kb-gallery-slide-item splide__slide\"><div class=\"kadence-blocks-gallery-item\"><div class=\"kadence-blocks-gallery-item-inner\"><figure class=\"kb-gallery-figure kb-gallery-item-has-link kadence-blocks-gallery-item-hide-caption\"><a href=\"https:\/\/atelierfesseler.de\/wp-content\/uploads\/10.jpg\" data-description=\"Frederic Fesseler\nBerlin 2016\" class=\"kb-gallery-item-link\"   role=\"button\" aria-haspopup=\"dialog\"><div class=\"kb-gal-image-radius\"><div class=\"kb-gallery-image-contain kadence-blocks-gallery-intrinsic kb-gallery-image-ratio-land32 kb-has-image-ratio-land32\" ><img loading=\"lazy\" decoding=\"async\" width=\"1000\" height=\"667\" src=\"https:\/\/atelierfesseler.de\/wp-content\/uploads\/10.jpg\"   alt=\"\" data-full-image=\"https:\/\/atelierfesseler.de\/wp-content\/uploads\/10.jpg\" data-light-image=\"https:\/\/atelierfesseler.de\/wp-content\/uploads\/10.jpg\" data-id=\"240\" class=\"wp-image-240 skip-lazy\" srcset=\"https:\/\/atelierfesseler.de\/wp-content\/uploads\/10.jpg 1000w, https:\/\/atelierfesseler.de\/wp-content\/uploads\/10-900x600.jpg 900w, https:\/\/atelierfesseler.de\/wp-content\/uploads\/10-300x200.jpg 300w, https:\/\/atelierfesseler.de\/wp-content\/uploads\/10-768x512.jpg 768w, https:\/\/atelierfesseler.de\/wp-content\/uploads\/10-600x400.jpg 600w\" sizes=\"auto, (max-width: 1000px) 100vw, 1000px\" \/><\/div><\/div><\/a><\/figure><\/div><\/div><\/li><\/ul><\/div><\/div><\/div><\/div>\n\n\n<p><\/p>\n<\/div>\n<\/div>\n\n\n\n<figure class=\"wp-block-image alignwide size-large\"><img loading=\"lazy\" decoding=\"async\" width=\"1024\" height=\"684\" src=\"https:\/\/atelierfesseler.de\/wp-content\/uploads\/\/Drehbank-1024x684.jpg\" alt=\"\" class=\"wp-image-4058\" srcset=\"https:\/\/atelierfesseler.de\/wp-content\/uploads\/Drehbank-1024x684.jpg 1024w, https:\/\/atelierfesseler.de\/wp-content\/uploads\/Drehbank-900x601.jpg 900w, https:\/\/atelierfesseler.de\/wp-content\/uploads\/Drehbank-300x200.jpg 300w, https:\/\/atelierfesseler.de\/wp-content\/uploads\/Drehbank-768x513.jpg 768w, https:\/\/atelierfesseler.de\/wp-content\/uploads\/Drehbank-600x401.jpg 600w, https:\/\/atelierfesseler.de\/wp-content\/uploads\/Drehbank.jpg 1200w\" sizes=\"auto, (max-width: 1024px) 100vw, 1024px\" \/><\/figure>\n","protected":false},"excerpt":{"rendered":"<p>JEAN-FR\u00c9D\u00c9RIC FESSELER Inspired by the aesthetics and diversity of wood as a raw material, Jean-Fr\u00e9d\u00e9ric Fesseler lends a voice to traditional craftsmanship in the form of contemporary design objects. Born in Berlin with French roots, he learned the essential techniques of woodworking from his father, a furniture restorer with whom he still shares premises today. &#8230; <\/p>\n<p class=\"read-more-container\"><a title=\"The Atelier\" class=\"read-more button\" href=\"https:\/\/atelierfesseler.de\/en\/the-atelier\/#more-2810\" aria-label=\"More on The Atelier\">Read more<\/a><\/p>\n","protected":false},"author":2,"featured_media":2812,"parent":0,"menu_order":0,"comment_status":"closed","ping_status":"closed","template":"","meta":{"ghostkit_customizer_options":"","ghostkit_custom_css":"","ghostkit_custom_js_head":"","ghostkit_custom_js_foot":"","ghostkit_typography":"","iawp_total_views":114,"footnotes":""},"class_list":["post-2810","page","type-page","status-publish","has-post-thumbnail"],"yoast_head":"<!-- This site is optimized with the Yoast SEO Premium plugin v20.2.1 (Yoast SEO v27.4) - https:\/\/yoast.com\/product\/yoast-seo-premium-wordpress\/ -->\n<title>The Atelier - Atelier Fesseler<\/title>\n<meta name=\"robots\" content=\"index, follow, max-snippet:-1, max-image-preview:large, max-video-preview:-1\" \/>\n<link rel=\"canonical\" href=\"https:\/\/atelierfesseler.de\/en\/the-atelier\/\" \/>\n<meta property=\"og:locale\" content=\"en_US\" \/>\n<meta property=\"og:type\" content=\"article\" \/>\n<meta property=\"og:title\" content=\"The Atelier\" \/>\n<meta property=\"og:description\" content=\"JEAN-FR\u00c9D\u00c9RIC FESSELER Inspired by the aesthetics and diversity of wood as a raw material, Jean-Fr\u00e9d\u00e9ric Fesseler lends a voice to traditional craftsmanship in the form of contemporary design objects. Born in Berlin with French roots, he learned the essential techniques of woodworking from his father, a furniture restorer with whom he still shares premises today. ... Read more\" \/>\n<meta property=\"og:url\" content=\"https:\/\/atelierfesseler.de\/en\/the-atelier\/\" \/>\n<meta property=\"og:site_name\" content=\"Atelier Fesseler\" \/>\n<meta property=\"article:publisher\" content=\"https:\/\/www.facebook.com\/Atelier-Fesseler-462979183885933\/\" \/>\n<meta property=\"article:modified_time\" content=\"2022-03-24T15:09:05+00:00\" \/>\n<meta property=\"og:image\" content=\"https:\/\/atelierfesseler.de\/wp-content\/uploads\/ff_header.png\" \/>\n\t<meta property=\"og:image:width\" content=\"1920\" \/>\n\t<meta property=\"og:image:height\" content=\"1015\" \/>\n\t<meta property=\"og:image:type\" content=\"image\/png\" \/>\n<meta name=\"twitter:card\" content=\"summary_large_image\" \/>\n<meta name=\"twitter:label1\" content=\"Est. reading time\" \/>\n\t<meta name=\"twitter:data1\" content=\"3 minutes\" \/>\n<script type=\"application\/ld+json\" class=\"yoast-schema-graph\">{\"@context\":\"https:\\\/\\\/schema.org\",\"@graph\":[{\"@type\":\"WebPage\",\"@id\":\"https:\\\/\\\/atelierfesseler.de\\\/en\\\/the-atelier\\\/\",\"url\":\"https:\\\/\\\/atelierfesseler.de\\\/en\\\/the-atelier\\\/\",\"name\":\"The Atelier - Atelier Fesseler\",\"isPartOf\":{\"@id\":\"https:\\\/\\\/atelierfesseler.de\\\/en\\\/#website\"},\"primaryImageOfPage\":{\"@id\":\"https:\\\/\\\/atelierfesseler.de\\\/en\\\/the-atelier\\\/#primaryimage\"},\"image\":{\"@id\":\"https:\\\/\\\/atelierfesseler.de\\\/en\\\/the-atelier\\\/#primaryimage\"},\"thumbnailUrl\":\"https:\\\/\\\/atelierfesseler.de\\\/wp-content\\\/uploads\\\/ff_header.png\",\"datePublished\":\"2020-09-22T08:33:20+00:00\",\"dateModified\":\"2022-03-24T15:09:05+00:00\",\"breadcrumb\":{\"@id\":\"https:\\\/\\\/atelierfesseler.de\\\/en\\\/the-atelier\\\/#breadcrumb\"},\"inLanguage\":\"en-US\",\"potentialAction\":[{\"@type\":\"ReadAction\",\"target\":[\"https:\\\/\\\/atelierfesseler.de\\\/en\\\/the-atelier\\\/\"]}]},{\"@type\":\"ImageObject\",\"inLanguage\":\"en-US\",\"@id\":\"https:\\\/\\\/atelierfesseler.de\\\/en\\\/the-atelier\\\/#primaryimage\",\"url\":\"https:\\\/\\\/atelierfesseler.de\\\/wp-content\\\/uploads\\\/ff_header.png\",\"contentUrl\":\"https:\\\/\\\/atelierfesseler.de\\\/wp-content\\\/uploads\\\/ff_header.png\",\"width\":1920,\"height\":1015},{\"@type\":\"BreadcrumbList\",\"@id\":\"https:\\\/\\\/atelierfesseler.de\\\/en\\\/the-atelier\\\/#breadcrumb\",\"itemListElement\":[{\"@type\":\"ListItem\",\"position\":1,\"name\":\"Startseite\",\"item\":\"https:\\\/\\\/atelierfesseler.de\\\/en\\\/\"},{\"@type\":\"ListItem\",\"position\":2,\"name\":\"The Atelier\"}]},{\"@type\":\"WebSite\",\"@id\":\"https:\\\/\\\/atelierfesseler.de\\\/en\\\/#website\",\"url\":\"https:\\\/\\\/atelierfesseler.de\\\/en\\\/\",\"name\":\"Atelier Fesseler\",\"description\":\"Feines aus Holz\",\"publisher\":{\"@id\":\"https:\\\/\\\/atelierfesseler.de\\\/en\\\/#organization\"},\"potentialAction\":[{\"@type\":\"SearchAction\",\"target\":{\"@type\":\"EntryPoint\",\"urlTemplate\":\"https:\\\/\\\/atelierfesseler.de\\\/en\\\/?s={search_term_string}\"},\"query-input\":{\"@type\":\"PropertyValueSpecification\",\"valueRequired\":true,\"valueName\":\"search_term_string\"}}],\"inLanguage\":\"en-US\"},{\"@type\":\"Organization\",\"@id\":\"https:\\\/\\\/atelierfesseler.de\\\/en\\\/#organization\",\"name\":\"Atelier Fesseler\",\"url\":\"https:\\\/\\\/atelierfesseler.de\\\/en\\\/\",\"logo\":{\"@type\":\"ImageObject\",\"inLanguage\":\"en-US\",\"@id\":\"https:\\\/\\\/atelierfesseler.de\\\/en\\\/#\\\/schema\\\/logo\\\/image\\\/\",\"url\":\"https:\\\/\\\/atelierfesseler.de\\\/wp-content\\\/uploads\\\/logo.png\",\"contentUrl\":\"https:\\\/\\\/atelierfesseler.de\\\/wp-content\\\/uploads\\\/logo.png\",\"width\":498,\"height\":182,\"caption\":\"Atelier Fesseler\"},\"image\":{\"@id\":\"https:\\\/\\\/atelierfesseler.de\\\/en\\\/#\\\/schema\\\/logo\\\/image\\\/\"},\"sameAs\":[\"https:\\\/\\\/www.facebook.com\\\/Atelier-Fesseler-462979183885933\\\/\",\"https:\\\/\\\/www.instagram.com\\\/atelier_fesseler\\\/\"]}]}<\/script>\n<!-- \/ Yoast SEO Premium plugin. -->","yoast_head_json":{"title":"The Atelier - Atelier Fesseler","robots":{"index":"index","follow":"follow","max-snippet":"max-snippet:-1","max-image-preview":"max-image-preview:large","max-video-preview":"max-video-preview:-1"},"canonical":"https:\/\/atelierfesseler.de\/en\/the-atelier\/","og_locale":"en_US","og_type":"article","og_title":"The Atelier","og_description":"JEAN-FR\u00c9D\u00c9RIC FESSELER Inspired by the aesthetics and diversity of wood as a raw material, Jean-Fr\u00e9d\u00e9ric Fesseler lends a voice to traditional craftsmanship in the form of contemporary design objects. Born in Berlin with French roots, he learned the essential techniques of woodworking from his father, a furniture restorer with whom he still shares premises today. ... Read more","og_url":"https:\/\/atelierfesseler.de\/en\/the-atelier\/","og_site_name":"Atelier Fesseler","article_publisher":"https:\/\/www.facebook.com\/Atelier-Fesseler-462979183885933\/","article_modified_time":"2022-03-24T15:09:05+00:00","og_image":[{"width":1920,"height":1015,"url":"https:\/\/atelierfesseler.de\/wp-content\/uploads\/ff_header.png","type":"image\/png"}],"twitter_card":"summary_large_image","twitter_misc":{"Est. reading time":"3 minutes"},"schema":{"@context":"https:\/\/schema.org","@graph":[{"@type":"WebPage","@id":"https:\/\/atelierfesseler.de\/en\/the-atelier\/","url":"https:\/\/atelierfesseler.de\/en\/the-atelier\/","name":"The Atelier - Atelier Fesseler","isPartOf":{"@id":"https:\/\/atelierfesseler.de\/en\/#website"},"primaryImageOfPage":{"@id":"https:\/\/atelierfesseler.de\/en\/the-atelier\/#primaryimage"},"image":{"@id":"https:\/\/atelierfesseler.de\/en\/the-atelier\/#primaryimage"},"thumbnailUrl":"https:\/\/atelierfesseler.de\/wp-content\/uploads\/ff_header.png","datePublished":"2020-09-22T08:33:20+00:00","dateModified":"2022-03-24T15:09:05+00:00","breadcrumb":{"@id":"https:\/\/atelierfesseler.de\/en\/the-atelier\/#breadcrumb"},"inLanguage":"en-US","potentialAction":[{"@type":"ReadAction","target":["https:\/\/atelierfesseler.de\/en\/the-atelier\/"]}]},{"@type":"ImageObject","inLanguage":"en-US","@id":"https:\/\/atelierfesseler.de\/en\/the-atelier\/#primaryimage","url":"https:\/\/atelierfesseler.de\/wp-content\/uploads\/ff_header.png","contentUrl":"https:\/\/atelierfesseler.de\/wp-content\/uploads\/ff_header.png","width":1920,"height":1015},{"@type":"BreadcrumbList","@id":"https:\/\/atelierfesseler.de\/en\/the-atelier\/#breadcrumb","itemListElement":[{"@type":"ListItem","position":1,"name":"Startseite","item":"https:\/\/atelierfesseler.de\/en\/"},{"@type":"ListItem","position":2,"name":"The Atelier"}]},{"@type":"WebSite","@id":"https:\/\/atelierfesseler.de\/en\/#website","url":"https:\/\/atelierfesseler.de\/en\/","name":"Atelier Fesseler","description":"Feines aus Holz","publisher":{"@id":"https:\/\/atelierfesseler.de\/en\/#organization"},"potentialAction":[{"@type":"SearchAction","target":{"@type":"EntryPoint","urlTemplate":"https:\/\/atelierfesseler.de\/en\/?s={search_term_string}"},"query-input":{"@type":"PropertyValueSpecification","valueRequired":true,"valueName":"search_term_string"}}],"inLanguage":"en-US"},{"@type":"Organization","@id":"https:\/\/atelierfesseler.de\/en\/#organization","name":"Atelier Fesseler","url":"https:\/\/atelierfesseler.de\/en\/","logo":{"@type":"ImageObject","inLanguage":"en-US","@id":"https:\/\/atelierfesseler.de\/en\/#\/schema\/logo\/image\/","url":"https:\/\/atelierfesseler.de\/wp-content\/uploads\/logo.png","contentUrl":"https:\/\/atelierfesseler.de\/wp-content\/uploads\/logo.png","width":498,"height":182,"caption":"Atelier Fesseler"},"image":{"@id":"https:\/\/atelierfesseler.de\/en\/#\/schema\/logo\/image\/"},"sameAs":["https:\/\/www.facebook.com\/Atelier-Fesseler-462979183885933\/","https:\/\/www.instagram.com\/atelier_fesseler\/"]}]}},"jetpack_sharing_enabled":true,"_links":{"self":[{"href":"https:\/\/atelierfesseler.de\/en\/wp-json\/wp\/v2\/pages\/2810","targetHints":{"allow":["GET"]}}],"collection":[{"href":"https:\/\/atelierfesseler.de\/en\/wp-json\/wp\/v2\/pages"}],"about":[{"href":"https:\/\/atelierfesseler.de\/en\/wp-json\/wp\/v2\/types\/page"}],"author":[{"embeddable":true,"href":"https:\/\/atelierfesseler.de\/en\/wp-json\/wp\/v2\/users\/2"}],"replies":[{"embeddable":true,"href":"https:\/\/atelierfesseler.de\/en\/wp-json\/wp\/v2\/comments?post=2810"}],"version-history":[{"count":12,"href":"https:\/\/atelierfesseler.de\/en\/wp-json\/wp\/v2\/pages\/2810\/revisions"}],"predecessor-version":[{"id":4073,"href":"https:\/\/atelierfesseler.de\/en\/wp-json\/wp\/v2\/pages\/2810\/revisions\/4073"}],"wp:featuredmedia":[{"embeddable":true,"href":"https:\/\/atelierfesseler.de\/en\/wp-json\/wp\/v2\/media\/2812"}],"wp:attachment":[{"href":"https:\/\/atelierfesseler.de\/en\/wp-json\/wp\/v2\/media?parent=2810"}],"curies":[{"name":"wp","href":"https:\/\/api.w.org\/{rel}","templated":true}]}}