{"id":2860,"date":"2020-11-09T14:40:06","date_gmt":"2020-11-09T13:40:06","guid":{"rendered":"https:\/\/atelierfesseler.de\/?page_id=2860"},"modified":"2020-12-17T02:21:04","modified_gmt":"2020-12-17T01:21:04","slug":"imprint","status":"publish","type":"page","link":"https:\/\/atelierfesseler.de\/en\/imprint\/","title":{"rendered":"Imprint"},"content":{"rendered":"\n<div class=\"wp-block-columns are-vertically-aligned-top is-layout-flex wp-container-core-columns-is-layout-9d6595d7 wp-block-columns-is-layout-flex\">\n<div class=\"wp-block-column is-vertically-aligned-top is-layout-flow wp-block-column-is-layout-flow\">\n<p>Atelier Fesseler<\/p>\n<p>Owner: Jean-Fr\u00e9d\u00e9ric Immanuel Orlando Fesseler<\/p>\n<p>Birkenstra\u00dfe 30<br>10551 Berlin<br>Deutschland<\/p>\n<p>Phone: +49 173 6628801<\/p>\n<p>Mail: info@atelierfesseler.de<\/p>\n<p>Sales tax identification number:: DE288177129<\/p>\n<p>Responsible according to \u00a7 55 RStV:<br>Jean-Fr\u00e9d\u00e9ric Immanuel Orlando Fesseler<br>Birkenstra\u00dfe 30<br>10551 Berlin<\/p>\n<p>The European Commission provides an Online Dispute Resolution (OS) platform which you can find here <a href=\"https:\/\/ec.europa.eu\/consumers\/odr\/\" target=\"_blank\" rel=\"noopener noreferrer\">https:\/\/ec.europa.eu\/consumers\/odr\/<\/a>. We are neither obliged nor willing to participate in dispute resolution proceedings before a consumer dispute resolution body.<\/p>\n<p>All picture rights are owned by the following colleagues:: Roberta Argenzio, Marta Karlesso, Patricia Schichl, Marta Zanotti<\/p>\n<\/div>\n\n\n\n<div class=\"wp-block-column is-vertically-aligned-top is-layout-flow wp-block-column-is-layout-flow\">\n <div class=\"brlbs-cmpnt-container brlbs-cmpnt-content-blocker brlbs-cmpnt-with-individual-styles\" data-borlabs-cookie-content-blocker-id=\"google-maps\" data-borlabs-cookie-content=\"PGlmcmFtZSBzcmM9Imh0dHBzOi8vd3d3Lmdvb2dsZS5jb20vbWFwcy9lbWJlZD9wYj0hMW0xNCExbTghMW0zITFkMjQyNy4xMDU1MTkyODkyOTIzITJkMTMuMzQzNTg0ITNkNTIuNTMxNTI1ITNtMiExaTEwMjQhMmk3NjghNGYxMy4xITNtMyExbTIhMXMweDQ3YTg1MTczOGM3NDJmZjMlM0EweDdkOGIzNDYxZTQ4MWEyMjYhMnNCaXJrZW5zdHJhJUMzJTlGZSUyMDMwJTJDJTIwMTA1NTElMjBCZXJsaW4hNWUwITNtMiExc2VuITJzZGUhNHYxNjA4MTYzMjcwNTQzITVtMiExc2VuITJzZGUiIHdpZHRoPSI2MDAiIGhlaWdodD0iNDUwIiBmcmFtZWJvcmRlcj0iMCIgc3R5bGU9ImJvcmRlcjowOyIgYWxsb3dmdWxsc2NyZWVuPSIiIGFyaWEtaGlkZGVuPSJmYWxzZSIgdGFiaW5kZXg9IjAiPjwvaWZyYW1lPg==\"><div class=\"brlbs-cmpnt-cb-preset-b brlbs-cmpnt-cb-google-maps\"> <div class=\"brlbs-cmpnt-cb-thumbnail\" style=\"background-image: url('https:\/\/atelierfesseler.de\/wp-content\/uploads\/borlabs-cookie\/1\/brlbs-cb-google-maps-main.png')\"><\/div> <div class=\"brlbs-cmpnt-cb-main\"> <div class=\"brlbs-cmpnt-cb-content\"> <p class=\"brlbs-cmpnt-cb-description\">You are currently viewing a placeholder content from <strong>Google Maps<\/strong>. To access the actual content, click the button below. Please note that doing so will share data with third-party providers.<\/p> <a class=\"brlbs-cmpnt-cb-provider-toggle\" href=\"#\" data-borlabs-cookie-show-provider-information role=\"button\">More Information<\/a> <\/div> <div class=\"brlbs-cmpnt-cb-buttons\"> <a class=\"brlbs-cmpnt-cb-btn\" href=\"#\" data-borlabs-cookie-unblock role=\"button\">Unblock content<\/a> <a class=\"brlbs-cmpnt-cb-btn\" href=\"#\" data-borlabs-cookie-accept-service role=\"button\" style=\"display: inherit\">Accept required service and unblock content<\/a> <\/div> <\/div> <\/div><\/div>\n<\/div>\n<\/div>\n","protected":false},"excerpt":{"rendered":"<p>Atelier Fesseler Owner: Jean-Fr\u00e9d\u00e9ric Immanuel Orlando Fesseler Birkenstra\u00dfe 3010551 BerlinDeutschland Phone: +49 173 6628801 Mail: info@atelierfesseler.de Sales tax identification number:: DE288177129 Responsible according to \u00a7 55 RStV:Jean-Fr\u00e9d\u00e9ric Immanuel Orlando FesselerBirkenstra\u00dfe 3010551 Berlin The European Commission provides an Online Dispute Resolution (OS) platform which you can find here https:\/\/ec.europa.eu\/consumers\/odr\/. We are neither obliged nor willing to &#8230; <\/p>\n<p class=\"read-more-container\"><a title=\"Imprint\" class=\"read-more button\" href=\"https:\/\/atelierfesseler.de\/en\/imprint\/#more-2860\" aria-label=\"More on Imprint\">Read more<\/a><\/p>\n","protected":false},"author":2,"featured_media":1732,"parent":0,"menu_order":0,"comment_status":"closed","ping_status":"closed","template":"","meta":{"ghostkit_customizer_options":"","ghostkit_custom_css":"","ghostkit_custom_js_head":"","ghostkit_custom_js_foot":"","ghostkit_typography":"","iawp_total_views":20,"footnotes":""},"class_list":["post-2860","page","type-page","status-publish","has-post-thumbnail"],"yoast_head":"<!-- This site is optimized with the Yoast SEO Premium plugin v20.2.1 (Yoast SEO v27.4) - https:\/\/yoast.com\/product\/yoast-seo-premium-wordpress\/ -->\n<title>Imprint - Atelier Fesseler<\/title>\n<meta name=\"robots\" content=\"index, follow, max-snippet:-1, max-image-preview:large, max-video-preview:-1\" \/>\n<link rel=\"canonical\" href=\"https:\/\/atelierfesseler.de\/en\/imprint\/\" \/>\n<meta property=\"og:locale\" content=\"en_US\" \/>\n<meta property=\"og:type\" content=\"article\" \/>\n<meta property=\"og:title\" content=\"Imprint\" \/>\n<meta property=\"og:description\" content=\"Atelier Fesseler Owner: Jean-Fr\u00e9d\u00e9ric Immanuel Orlando Fesseler Birkenstra\u00dfe 3010551 BerlinDeutschland Phone: +49 173 6628801 Mail: info@atelierfesseler.de Sales tax identification number:: DE288177129 Responsible according to \u00a7 55 RStV:Jean-Fr\u00e9d\u00e9ric Immanuel Orlando FesselerBirkenstra\u00dfe 3010551 Berlin The European Commission provides an Online Dispute Resolution (OS) platform which you can find here https:\/\/ec.europa.eu\/consumers\/odr\/. We are neither obliged nor willing to ... Read more\" \/>\n<meta property=\"og:url\" content=\"https:\/\/atelierfesseler.de\/en\/imprint\/\" \/>\n<meta property=\"og:site_name\" content=\"Atelier Fesseler\" \/>\n<meta property=\"article:publisher\" content=\"https:\/\/www.facebook.com\/Atelier-Fesseler-462979183885933\/\" \/>\n<meta property=\"article:modified_time\" content=\"2020-12-17T01:21:04+00:00\" \/>\n<meta property=\"og:image\" content=\"https:\/\/atelierfesseler.de\/wp-content\/uploads\/work-in-progress_1-1024x683.jpg\" \/>\n\t<meta property=\"og:image:width\" content=\"1024\" \/>\n\t<meta property=\"og:image:height\" content=\"683\" \/>\n\t<meta property=\"og:image:type\" content=\"image\/jpeg\" \/>\n<meta name=\"twitter:card\" content=\"summary_large_image\" \/>\n<script type=\"application\/ld+json\" class=\"yoast-schema-graph\">{\"@context\":\"https:\\\/\\\/schema.org\",\"@graph\":[{\"@type\":\"WebPage\",\"@id\":\"https:\\\/\\\/atelierfesseler.de\\\/en\\\/imprint\\\/\",\"url\":\"https:\\\/\\\/atelierfesseler.de\\\/en\\\/imprint\\\/\",\"name\":\"Imprint - Atelier Fesseler\",\"isPartOf\":{\"@id\":\"https:\\\/\\\/atelierfesseler.de\\\/en\\\/#website\"},\"primaryImageOfPage\":{\"@id\":\"https:\\\/\\\/atelierfesseler.de\\\/en\\\/imprint\\\/#primaryimage\"},\"image\":{\"@id\":\"https:\\\/\\\/atelierfesseler.de\\\/en\\\/imprint\\\/#primaryimage\"},\"thumbnailUrl\":\"https:\\\/\\\/atelierfesseler.de\\\/wp-content\\\/uploads\\\/work-in-progress_1-scaled.jpg\",\"datePublished\":\"2020-11-09T13:40:06+00:00\",\"dateModified\":\"2020-12-17T01:21:04+00:00\",\"breadcrumb\":{\"@id\":\"https:\\\/\\\/atelierfesseler.de\\\/en\\\/imprint\\\/#breadcrumb\"},\"inLanguage\":\"en-US\",\"potentialAction\":[{\"@type\":\"ReadAction\",\"target\":[\"https:\\\/\\\/atelierfesseler.de\\\/en\\\/imprint\\\/\"]}]},{\"@type\":\"ImageObject\",\"inLanguage\":\"en-US\",\"@id\":\"https:\\\/\\\/atelierfesseler.de\\\/en\\\/imprint\\\/#primaryimage\",\"url\":\"https:\\\/\\\/atelierfesseler.de\\\/wp-content\\\/uploads\\\/work-in-progress_1-scaled.jpg\",\"contentUrl\":\"https:\\\/\\\/atelierfesseler.de\\\/wp-content\\\/uploads\\\/work-in-progress_1-scaled.jpg\",\"width\":2560,\"height\":1707},{\"@type\":\"BreadcrumbList\",\"@id\":\"https:\\\/\\\/atelierfesseler.de\\\/en\\\/imprint\\\/#breadcrumb\",\"itemListElement\":[{\"@type\":\"ListItem\",\"position\":1,\"name\":\"Startseite\",\"item\":\"https:\\\/\\\/atelierfesseler.de\\\/en\\\/\"},{\"@type\":\"ListItem\",\"position\":2,\"name\":\"Imprint\"}]},{\"@type\":\"WebSite\",\"@id\":\"https:\\\/\\\/atelierfesseler.de\\\/en\\\/#website\",\"url\":\"https:\\\/\\\/atelierfesseler.de\\\/en\\\/\",\"name\":\"Atelier Fesseler\",\"description\":\"Feines aus Holz\",\"publisher\":{\"@id\":\"https:\\\/\\\/atelierfesseler.de\\\/en\\\/#organization\"},\"potentialAction\":[{\"@type\":\"SearchAction\",\"target\":{\"@type\":\"EntryPoint\",\"urlTemplate\":\"https:\\\/\\\/atelierfesseler.de\\\/en\\\/?s={search_term_string}\"},\"query-input\":{\"@type\":\"PropertyValueSpecification\",\"valueRequired\":true,\"valueName\":\"search_term_string\"}}],\"inLanguage\":\"en-US\"},{\"@type\":\"Organization\",\"@id\":\"https:\\\/\\\/atelierfesseler.de\\\/en\\\/#organization\",\"name\":\"Atelier Fesseler\",\"url\":\"https:\\\/\\\/atelierfesseler.de\\\/en\\\/\",\"logo\":{\"@type\":\"ImageObject\",\"inLanguage\":\"en-US\",\"@id\":\"https:\\\/\\\/atelierfesseler.de\\\/en\\\/#\\\/schema\\\/logo\\\/image\\\/\",\"url\":\"https:\\\/\\\/atelierfesseler.de\\\/wp-content\\\/uploads\\\/logo.png\",\"contentUrl\":\"https:\\\/\\\/atelierfesseler.de\\\/wp-content\\\/uploads\\\/logo.png\",\"width\":498,\"height\":182,\"caption\":\"Atelier Fesseler\"},\"image\":{\"@id\":\"https:\\\/\\\/atelierfesseler.de\\\/en\\\/#\\\/schema\\\/logo\\\/image\\\/\"},\"sameAs\":[\"https:\\\/\\\/www.facebook.com\\\/Atelier-Fesseler-462979183885933\\\/\",\"https:\\\/\\\/www.instagram.com\\\/atelier_fesseler\\\/\"]}]}<\/script>\n<!-- \/ Yoast SEO Premium plugin. -->","yoast_head_json":{"title":"Imprint - Atelier Fesseler","robots":{"index":"index","follow":"follow","max-snippet":"max-snippet:-1","max-image-preview":"max-image-preview:large","max-video-preview":"max-video-preview:-1"},"canonical":"https:\/\/atelierfesseler.de\/en\/imprint\/","og_locale":"en_US","og_type":"article","og_title":"Imprint","og_description":"Atelier Fesseler Owner: Jean-Fr\u00e9d\u00e9ric Immanuel Orlando Fesseler Birkenstra\u00dfe 3010551 BerlinDeutschland Phone: +49 173 6628801 Mail: info@atelierfesseler.de Sales tax identification number:: DE288177129 Responsible according to \u00a7 55 RStV:Jean-Fr\u00e9d\u00e9ric Immanuel Orlando FesselerBirkenstra\u00dfe 3010551 Berlin The European Commission provides an Online Dispute Resolution (OS) platform which you can find here https:\/\/ec.europa.eu\/consumers\/odr\/. We are neither obliged nor willing to ... Read more","og_url":"https:\/\/atelierfesseler.de\/en\/imprint\/","og_site_name":"Atelier Fesseler","article_publisher":"https:\/\/www.facebook.com\/Atelier-Fesseler-462979183885933\/","article_modified_time":"2020-12-17T01:21:04+00:00","og_image":[{"width":1024,"height":683,"url":"https:\/\/atelierfesseler.de\/wp-content\/uploads\/work-in-progress_1-1024x683.jpg","type":"image\/jpeg"}],"twitter_card":"summary_large_image","schema":{"@context":"https:\/\/schema.org","@graph":[{"@type":"WebPage","@id":"https:\/\/atelierfesseler.de\/en\/imprint\/","url":"https:\/\/atelierfesseler.de\/en\/imprint\/","name":"Imprint - Atelier Fesseler","isPartOf":{"@id":"https:\/\/atelierfesseler.de\/en\/#website"},"primaryImageOfPage":{"@id":"https:\/\/atelierfesseler.de\/en\/imprint\/#primaryimage"},"image":{"@id":"https:\/\/atelierfesseler.de\/en\/imprint\/#primaryimage"},"thumbnailUrl":"https:\/\/atelierfesseler.de\/wp-content\/uploads\/work-in-progress_1-scaled.jpg","datePublished":"2020-11-09T13:40:06+00:00","dateModified":"2020-12-17T01:21:04+00:00","breadcrumb":{"@id":"https:\/\/atelierfesseler.de\/en\/imprint\/#breadcrumb"},"inLanguage":"en-US","potentialAction":[{"@type":"ReadAction","target":["https:\/\/atelierfesseler.de\/en\/imprint\/"]}]},{"@type":"ImageObject","inLanguage":"en-US","@id":"https:\/\/atelierfesseler.de\/en\/imprint\/#primaryimage","url":"https:\/\/atelierfesseler.de\/wp-content\/uploads\/work-in-progress_1-scaled.jpg","contentUrl":"https:\/\/atelierfesseler.de\/wp-content\/uploads\/work-in-progress_1-scaled.jpg","width":2560,"height":1707},{"@type":"BreadcrumbList","@id":"https:\/\/atelierfesseler.de\/en\/imprint\/#breadcrumb","itemListElement":[{"@type":"ListItem","position":1,"name":"Startseite","item":"https:\/\/atelierfesseler.de\/en\/"},{"@type":"ListItem","position":2,"name":"Imprint"}]},{"@type":"WebSite","@id":"https:\/\/atelierfesseler.de\/en\/#website","url":"https:\/\/atelierfesseler.de\/en\/","name":"Atelier Fesseler","description":"Feines aus Holz","publisher":{"@id":"https:\/\/atelierfesseler.de\/en\/#organization"},"potentialAction":[{"@type":"SearchAction","target":{"@type":"EntryPoint","urlTemplate":"https:\/\/atelierfesseler.de\/en\/?s={search_term_string}"},"query-input":{"@type":"PropertyValueSpecification","valueRequired":true,"valueName":"search_term_string"}}],"inLanguage":"en-US"},{"@type":"Organization","@id":"https:\/\/atelierfesseler.de\/en\/#organization","name":"Atelier Fesseler","url":"https:\/\/atelierfesseler.de\/en\/","logo":{"@type":"ImageObject","inLanguage":"en-US","@id":"https:\/\/atelierfesseler.de\/en\/#\/schema\/logo\/image\/","url":"https:\/\/atelierfesseler.de\/wp-content\/uploads\/logo.png","contentUrl":"https:\/\/atelierfesseler.de\/wp-content\/uploads\/logo.png","width":498,"height":182,"caption":"Atelier Fesseler"},"image":{"@id":"https:\/\/atelierfesseler.de\/en\/#\/schema\/logo\/image\/"},"sameAs":["https:\/\/www.facebook.com\/Atelier-Fesseler-462979183885933\/","https:\/\/www.instagram.com\/atelier_fesseler\/"]}]}},"jetpack_sharing_enabled":true,"_links":{"self":[{"href":"https:\/\/atelierfesseler.de\/en\/wp-json\/wp\/v2\/pages\/2860","targetHints":{"allow":["GET"]}}],"collection":[{"href":"https:\/\/atelierfesseler.de\/en\/wp-json\/wp\/v2\/pages"}],"about":[{"href":"https:\/\/atelierfesseler.de\/en\/wp-json\/wp\/v2\/types\/page"}],"author":[{"embeddable":true,"href":"https:\/\/atelierfesseler.de\/en\/wp-json\/wp\/v2\/users\/2"}],"replies":[{"embeddable":true,"href":"https:\/\/atelierfesseler.de\/en\/wp-json\/wp\/v2\/comments?post=2860"}],"version-history":[{"count":13,"href":"https:\/\/atelierfesseler.de\/en\/wp-json\/wp\/v2\/pages\/2860\/revisions"}],"predecessor-version":[{"id":3267,"href":"https:\/\/atelierfesseler.de\/en\/wp-json\/wp\/v2\/pages\/2860\/revisions\/3267"}],"wp:featuredmedia":[{"embeddable":true,"href":"https:\/\/atelierfesseler.de\/en\/wp-json\/wp\/v2\/media\/1732"}],"wp:attachment":[{"href":"https:\/\/atelierfesseler.de\/en\/wp-json\/wp\/v2\/media?parent=2860"}],"curies":[{"name":"wp","href":"https:\/\/api.w.org\/{rel}","templated":true}]}}